{"id":12008,"date":"2016-05-31T20:01:07","date_gmt":"2016-05-31T18:01:07","guid":{"rendered":"https:\/\/hotelinterlaken.ch\/lage\/"},"modified":"2024-11-05T10:21:27","modified_gmt":"2024-11-05T09:21:27","slug":"emplacement","status":"publish","type":"page","link":"https:\/\/oldsite.hotelinterlaken.ch\/fr\/emplacement\/","title":{"rendered":"Emplacement"},"content":{"rendered":"<p>[et_pb_section fb_built=\u00a0\u00bb1&Prime; custom_padding_last_edited=\u00a0\u00bbon|desktop\u00a0\u00bb admin_label=\u00a0\u00bbSection\u00a0\u00bb _builder_version=\u00a0\u00bb4.16&Prime; background_color=\u00a0\u00bb#a39d91&Prime; custom_padding=\u00a0\u00bb|-100px||-100px\u00a0\u00bb custom_padding_tablet=\u00a0\u00bb50px|0|50px|0&Prime; custom_padding_phone=\u00a0\u00bb\u00a0\u00bb custom_css_main_element=\u00a0\u00bbheight:2px;\u00a0\u00bb transparent_background=\u00a0\u00bboff\u00a0\u00bb padding_mobile=\u00a0\u00bboff\u00a0\u00bb make_fullwidth=\u00a0\u00bboff\u00a0\u00bb use_custom_width=\u00a0\u00bboff\u00a0\u00bb width_unit=\u00a0\u00bbon\u00a0\u00bb global_colors_info=\u00a0\u00bb{}\u00a0\u00bb][et_pb_row padding_mobile=\u00a0\u00bboff\u00a0\u00bb column_padding_mobile=\u00a0\u00bbon\u00a0\u00bb admin_label=\u00a0\u00bbRow\u00a0\u00bb module_class=\u00a0\u00bb et_pb_row_fullwidth\u00a0\u00bb _builder_version=\u00a0\u00bb4.16&Prime; background_color=\u00a0\u00bb#a39d91&Prime; background_size=\u00a0\u00bbinitial\u00a0\u00bb background_position=\u00a0\u00bbtop_left\u00a0\u00bb background_repeat=\u00a0\u00bbrepeat\u00a0\u00bb width=\u00a0\u00bb94%\u00a0\u00bb width_tablet=\u00a0\u00bb80%\u00a0\u00bb width_phone=\u00a0\u00bb\u00a0\u00bb width_last_edited=\u00a0\u00bbon|desktop\u00a0\u00bb max_width=\u00a0\u00bb94%\u00a0\u00bb max_width_tablet=\u00a0\u00bb80%\u00a0\u00bb max_width_phone=\u00a0\u00bb\u00a0\u00bb max_width_last_edited=\u00a0\u00bbon|desktop\u00a0\u00bb make_fullwidth=\u00a0\u00bbon\u00a0\u00bb use_custom_width=\u00a0\u00bboff\u00a0\u00bb width_unit=\u00a0\u00bbon\u00a0\u00bb global_colors_info=\u00a0\u00bb{}\u00a0\u00bb][\/et_pb_row][\/et_pb_section][et_pb_section fb_built=\u00a0\u00bb1&Prime; fullwidth=\u00a0\u00bbon\u00a0\u00bb admin_label=\u00a0\u00bbSection\u00a0\u00bb _builder_version=\u00a0\u00bb4.16&Prime; global_colors_info=\u00a0\u00bb{}\u00a0\u00bb][et_pb_fullwidth_map address=\u00a0\u00bbH\u00f6heweg 74, 3800 Interlaken, Schweiz\u00a0\u00bb zoom_level=\u00a0\u00bb15&Prime; address_lat=\u00a0\u00bb46.68896062072171&Prime; address_lng=\u00a0\u00bb7.858507037264975&Prime; mouse_wheel=\u00a0\u00bboff\u00a0\u00bb admin_label=\u00a0\u00bbVollbreite Karte\u00a0\u00bb _builder_version=\u00a0\u00bb4.16&Prime; saved_tabs=\u00a0\u00bball\u00a0\u00bb global_colors_info=\u00a0\u00bb{}\u00a0\u00bb][et_pb_map_pin title=\u00a0\u00bbHotel Interlaken | H\u00f6heweg 74 | Interlaken\u00a0\u00bb pin_address=\u00a0\u00bbH\u00f6heweg 74, 3800 Interlaken, Schweiz\u00a0\u00bb pin_address_lat=\u00a0\u00bb46.6884581&Prime; pin_address_lng=\u00a0\u00bb7.863367199999971&Prime; _builder_version=\u00a0\u00bb4.14.2&Prime; global_colors_info=\u00a0\u00bb{}\u00a0\u00bb] [\/et_pb_map_pin][\/et_pb_fullwidth_map][\/et_pb_section][et_pb_section fb_built=\u00a0\u00bb1&Prime; custom_padding_last_edited=\u00a0\u00bbon|desktop\u00a0\u00bb admin_label=\u00a0\u00bbSection\u00a0\u00bb _builder_version=\u00a0\u00bb4.16&Prime; background_color=\u00a0\u00bb#a39d91&Prime; custom_padding=\u00a0\u00bb|-100px||-100px\u00a0\u00bb custom_padding_tablet=\u00a0\u00bb50px|0|50px|0&Prime; custom_padding_phone=\u00a0\u00bb\u00a0\u00bb custom_css_main_element=\u00a0\u00bbheight:2px;\u00a0\u00bb transparent_background=\u00a0\u00bboff\u00a0\u00bb padding_mobile=\u00a0\u00bboff\u00a0\u00bb make_fullwidth=\u00a0\u00bboff\u00a0\u00bb use_custom_width=\u00a0\u00bboff\u00a0\u00bb width_unit=\u00a0\u00bbon\u00a0\u00bb global_colors_info=\u00a0\u00bb{}\u00a0\u00bb][et_pb_row padding_mobile=\u00a0\u00bboff\u00a0\u00bb column_padding_mobile=\u00a0\u00bbon\u00a0\u00bb admin_label=\u00a0\u00bbRow\u00a0\u00bb module_class=\u00a0\u00bb et_pb_row_fullwidth\u00a0\u00bb _builder_version=\u00a0\u00bb4.16&Prime; background_color=\u00a0\u00bb#a39d91&Prime; background_size=\u00a0\u00bbinitial\u00a0\u00bb background_position=\u00a0\u00bbtop_left\u00a0\u00bb background_repeat=\u00a0\u00bbrepeat\u00a0\u00bb width=\u00a0\u00bb94%\u00a0\u00bb width_tablet=\u00a0\u00bb80%\u00a0\u00bb width_phone=\u00a0\u00bb\u00a0\u00bb width_last_edited=\u00a0\u00bbon|desktop\u00a0\u00bb max_width=\u00a0\u00bb94%\u00a0\u00bb max_width_tablet=\u00a0\u00bb80%\u00a0\u00bb max_width_phone=\u00a0\u00bb\u00a0\u00bb max_width_last_edited=\u00a0\u00bbon|desktop\u00a0\u00bb make_fullwidth=\u00a0\u00bbon\u00a0\u00bb use_custom_width=\u00a0\u00bboff\u00a0\u00bb width_unit=\u00a0\u00bbon\u00a0\u00bb global_colors_info=\u00a0\u00bb{}\u00a0\u00bb][\/et_pb_row][\/et_pb_section][et_pb_section fb_built=\u00a0\u00bb1&Prime; custom_padding_last_edited=\u00a0\u00bbon|desktop\u00a0\u00bb admin_label=\u00a0\u00bbsection\u00a0\u00bb _builder_version=\u00a0\u00bb4.16&Prime; background_enable_color=\u00a0\u00bboff\u00a0\u00bb custom_padding_tablet=\u00a0\u00bb50px|0|50px|0&Prime; custom_padding_phone=\u00a0\u00bb\u00a0\u00bb border_width_bottom=\u00a0\u00bb1px\u00a0\u00bb border_color_bottom=\u00a0\u00bb#000000&Prime; transparent_background=\u00a0\u00bboff\u00a0\u00bb padding_mobile=\u00a0\u00bboff\u00a0\u00bb make_fullwidth=\u00a0\u00bboff\u00a0\u00bb use_custom_width=\u00a0\u00bboff\u00a0\u00bb width_unit=\u00a0\u00bbon\u00a0\u00bb global_colors_info=\u00a0\u00bb{}\u00a0\u00bb][et_pb_row admin_label=\u00a0\u00bbrow\u00a0\u00bb _builder_version=\u00a0\u00bb4.16&Prime; background_size=\u00a0\u00bbinitial\u00a0\u00bb background_position=\u00a0\u00bbtop_left\u00a0\u00bb background_repeat=\u00a0\u00bbrepeat\u00a0\u00bb global_colors_info=\u00a0\u00bb{}\u00a0\u00bb][et_pb_column type=\u00a0\u00bb4_4&Prime; _builder_version=\u00a0\u00bb4.16&Prime; custom_padding=\u00a0\u00bb|||\u00a0\u00bb global_colors_info=\u00a0\u00bb{}\u00a0\u00bb custom_padding__hover=\u00a0\u00bb|||\u00a0\u00bb][et_pb_text admin_label=\u00a0\u00bbText\u00a0\u00bb _builder_version=\u00a0\u00bb4.25.0&Prime; background_size=\u00a0\u00bbinitial\u00a0\u00bb background_position=\u00a0\u00bbtop_left\u00a0\u00bb background_repeat=\u00a0\u00bbrepeat\u00a0\u00bb hover_enabled=\u00a0\u00bb0&Prime; use_border_color=\u00a0\u00bboff\u00a0\u00bb border_color=\u00a0\u00bb#ffffff\u00a0\u00bb border_style=\u00a0\u00bbsolid\u00a0\u00bb global_colors_info=\u00a0\u00bb{}\u00a0\u00bb sticky_enabled=\u00a0\u00bb0&Prime;]<\/p>\n<h1 style=\"text-align: center;\">LOCALISATION<\/h1>\n<h2 style=\"text-align: center;\">Hotel Interlaken dans un emplacement id\u00e9al. Comment nous trouver.<\/h2>\n<p style=\"text-align: center;\"><span style=\"font-size: 14pt;\">H\u00f6heweg 74 &#8211; 3800 Interlaken<\/span><\/p>\n<p style=\"text-align: center;\"><span style=\"font-size: 14pt;\">Notre h\u00f4tel est situ\u00e9 au centre, directement sur la rue principale et \u00e0 c\u00f4t\u00e9 du jardin japonais et des deux \u00e9glises. Vous pouvez rejoindre la gare de l&rsquo;Est, divers centres commerciaux, le centre des congr\u00e8s ainsi qu&rsquo;un grand choix de restaurants et de caf\u00e9s en quelques minutes \u00e0 pied.<\/span><\/p>\n<p style=\"text-align: center;\"><span style=\"font-size: 14pt;\">Directement \u00e0 l&rsquo;h\u00f4tel, vous trouverez un parking gratuit (nombre limit\u00e9) et derri\u00e8re l&rsquo;h\u00f4tel, un parking public (payant).<\/span><\/p>\n<hr \/>\n<h2 style=\"text-align: center;\">Arriv\u00e9e en train<\/h2>\n<p style=\"text-align: center;\"><span style=\"font-size: 14pt;\">Nous sommes \u00e0 seulement 5 minutes \u00e0 pied de la gare d&rsquo;Ost. Marchez vers le centre (Untere B\u00f6nigstrasse, H\u00f6heweg). L&rsquo;h\u00f4tel est situ\u00e9 sur le c\u00f4t\u00e9 gauche, juste \u00e0 c\u00f4t\u00e9 du Jardin Japonais.<\/span><\/p>\n<hr \/>\n<h2 style=\"text-align: center;\">Arriv\u00e9e en voiture<\/h2>\n<p style=\"text-align: center;\"><span style=\"font-size: 14pt;\">Prenez la sortie d&rsquo;autoroute n\u00b0 26, Interlaken Ost, et suivez les panneaux en direction de la gare ferroviaire. Avant la gare, tourner \u00e0 gauche vers le centre (Untere B\u00f6nigstrasse, H\u00f6heweg). Suivez la route sur environ 400 m\u00e8tres &#8211; l&rsquo;h\u00f4tel Interlaken se trouve sur le c\u00f4t\u00e9 gauche, \u00e0 c\u00f4t\u00e9 du jardin japonais. Un nombre limit\u00e9 de places de parking gratuites est disponible directement en face et derri\u00e8re l&rsquo;h\u00f4tel.<\/span><\/p>\n<p style=\"text-align: center;\"><span style=\"font-size: 14pt;\">GPS Koordinaten: Breitengrad 46.6884708769239, L\u00e4ngengrad 7.86331415176392 <\/span><\/p>\n<p style=\"text-align: center;\"><span style=\"font-size: 14pt;\"><\/span><\/p>\n<p style=\"text-align: center;\"><span style=\"font-size: 14pt;\"><strong>ATTENTION :<\/strong> Des travaux de construction de routes auront lieu devant l&rsquo;h\u00f4tel du lundi au vendredi de 8h \u00e0 17h jusqu&rsquo;\u00e0 fin juillet 2023. Cela peut entra\u00eener des nuisances sonores et l&rsquo;acc\u00e8s \u00e0 l&rsquo;h\u00f4tel est difficile. Suivez donc l&rsquo;itin\u00e9raire d\u00e9crit ci-dessus, mais passez devant l&rsquo;h\u00f4tel, puis prenez la premi\u00e8re rue \u00e0 gauche et encore la premi\u00e8re rue \u00e0 gauche &#8211; la Schlossstrasse. Vous trouverez l&rsquo;h\u00f4tel \u00e0 50 m\u00e8tres sur votre gauche.<\/span><\/p>\n<p>[\/et_pb_text][\/et_pb_column][\/et_pb_row][\/et_pb_section]<\/p>\n","protected":false},"excerpt":{"rendered":"<p>LOCALISATION Hotel Interlaken dans un emplacement id\u00e9al. Comment nous trouver. H\u00f6heweg 74 &#8211; 3800 Interlaken Notre h\u00f4tel est situ\u00e9 au centre, directement sur la rue principale et \u00e0 c\u00f4t\u00e9 du jardin japonais et des deux \u00e9glises. Vous pouvez rejoindre la gare de l&rsquo;Est, divers centres commerciaux, le centre des congr\u00e8s ainsi qu&rsquo;un grand choix de [&hellip;]<\/p>\n","protected":false},"author":1,"featured_media":0,"parent":0,"menu_order":0,"comment_status":"closed","ping_status":"closed","template":"","meta":{"_et_pb_use_builder":"on","_et_pb_old_content":"","_et_gb_content_width":"","_monsterinsights_skip_tracking":false,"_monsterinsights_sitenote_active":false,"_monsterinsights_sitenote_note":"","_monsterinsights_sitenote_category":0,"footnotes":""},"class_list":["post-12008","page","type-page","status-publish","hentry"],"yoast_head":"<!-- This site is optimized with the Yoast SEO plugin v27.0 - https:\/\/yoast.com\/product\/yoast-seo-wordpress\/ -->\n<title>Hotel Interlaken dans un emplacement id\u00e9al | Centre d&#039;Interlaken<\/title>\n<meta name=\"description\" content=\"Hotel Interlaken dans un emplacement id\u00e9al | Gare Interlaken Ost | Sortie d&#039;autoroute Nr 26 |\" \/>\n<meta name=\"robots\" content=\"index, follow, max-snippet:-1, max-image-preview:large, max-video-preview:-1\" \/>\n<link rel=\"canonical\" href=\"https:\/\/oldsite.hotelinterlaken.ch\/fr\/emplacement\/\" \/>\n<meta property=\"og:locale\" content=\"fr_FR\" \/>\n<meta property=\"og:type\" content=\"article\" \/>\n<meta property=\"og:title\" content=\"Hotel Interlaken dans un emplacement id\u00e9al | Centre d&#039;Interlaken\" \/>\n<meta property=\"og:description\" content=\"Hotel Interlaken dans un emplacement id\u00e9al | Gare Interlaken Ost | Sortie d&#039;autoroute Nr 26 |\" \/>\n<meta property=\"og:url\" content=\"https:\/\/oldsite.hotelinterlaken.ch\/fr\/emplacement\/\" \/>\n<meta property=\"og:site_name\" content=\"Hotel Interlaken\" \/>\n<meta property=\"article:publisher\" content=\"https:\/\/www.facebook.com\/hotelinterlaken\" \/>\n<meta property=\"article:modified_time\" content=\"2024-11-05T09:21:27+00:00\" \/>\n<meta name=\"twitter:card\" content=\"summary_large_image\" \/>\n<meta name=\"twitter:site\" content=\"@HotelInterlaken\" \/>\n<meta name=\"twitter:label1\" content=\"Dur\u00e9e de lecture estim\u00e9e\" \/>\n\t<meta name=\"twitter:data1\" content=\"4 minutes\" \/>\n<script type=\"application\/ld+json\" class=\"yoast-schema-graph\">{\"@context\":\"https:\/\/schema.org\",\"@graph\":[{\"@type\":\"WebPage\",\"@id\":\"https:\/\/oldsite.hotelinterlaken.ch\/fr\/emplacement\/\",\"url\":\"https:\/\/oldsite.hotelinterlaken.ch\/fr\/emplacement\/\",\"name\":\"Hotel Interlaken dans un emplacement id\u00e9al | Centre d'Interlaken\",\"isPartOf\":{\"@id\":\"https:\/\/oldsite.hotelinterlaken.ch\/#website\"},\"datePublished\":\"2016-05-31T18:01:07+00:00\",\"dateModified\":\"2024-11-05T09:21:27+00:00\",\"description\":\"Hotel Interlaken dans un emplacement id\u00e9al | Gare Interlaken Ost | Sortie d'autoroute Nr 26 |\",\"breadcrumb\":{\"@id\":\"https:\/\/oldsite.hotelinterlaken.ch\/fr\/emplacement\/#breadcrumb\"},\"inLanguage\":\"fr-FR\",\"potentialAction\":[{\"@type\":\"ReadAction\",\"target\":[\"https:\/\/oldsite.hotelinterlaken.ch\/fr\/emplacement\/\"]}]},{\"@type\":\"BreadcrumbList\",\"@id\":\"https:\/\/oldsite.hotelinterlaken.ch\/fr\/emplacement\/#breadcrumb\",\"itemListElement\":[{\"@type\":\"ListItem\",\"position\":1,\"name\":\"Home away from Home\",\"item\":\"https:\/\/oldsite.hotelinterlaken.ch\/fr\/\"},{\"@type\":\"ListItem\",\"position\":2,\"name\":\"Emplacement\"}]},{\"@type\":\"WebSite\",\"@id\":\"https:\/\/oldsite.hotelinterlaken.ch\/#website\",\"url\":\"https:\/\/oldsite.hotelinterlaken.ch\/\",\"name\":\"Hotel Interlaken\",\"description\":\"Your hotel for holidays, meetings and events\",\"potentialAction\":[{\"@type\":\"SearchAction\",\"target\":{\"@type\":\"EntryPoint\",\"urlTemplate\":\"https:\/\/oldsite.hotelinterlaken.ch\/?s={search_term_string}\"},\"query-input\":{\"@type\":\"PropertyValueSpecification\",\"valueRequired\":true,\"valueName\":\"search_term_string\"}}],\"inLanguage\":\"fr-FR\"}]}<\/script>\n<!-- \/ Yoast SEO plugin. -->","yoast_head_json":{"title":"Hotel Interlaken dans un emplacement id\u00e9al | Centre d'Interlaken","description":"Hotel Interlaken dans un emplacement id\u00e9al | Gare Interlaken Ost | Sortie d'autoroute Nr 26 |","robots":{"index":"index","follow":"follow","max-snippet":"max-snippet:-1","max-image-preview":"max-image-preview:large","max-video-preview":"max-video-preview:-1"},"canonical":"https:\/\/oldsite.hotelinterlaken.ch\/fr\/emplacement\/","og_locale":"fr_FR","og_type":"article","og_title":"Hotel Interlaken dans un emplacement id\u00e9al | Centre d'Interlaken","og_description":"Hotel Interlaken dans un emplacement id\u00e9al | Gare Interlaken Ost | Sortie d'autoroute Nr 26 |","og_url":"https:\/\/oldsite.hotelinterlaken.ch\/fr\/emplacement\/","og_site_name":"Hotel Interlaken","article_publisher":"https:\/\/www.facebook.com\/hotelinterlaken","article_modified_time":"2024-11-05T09:21:27+00:00","twitter_card":"summary_large_image","twitter_site":"@HotelInterlaken","twitter_misc":{"Dur\u00e9e de lecture estim\u00e9e":"4 minutes"},"schema":{"@context":"https:\/\/schema.org","@graph":[{"@type":"WebPage","@id":"https:\/\/oldsite.hotelinterlaken.ch\/fr\/emplacement\/","url":"https:\/\/oldsite.hotelinterlaken.ch\/fr\/emplacement\/","name":"Hotel Interlaken dans un emplacement id\u00e9al | Centre d'Interlaken","isPartOf":{"@id":"https:\/\/oldsite.hotelinterlaken.ch\/#website"},"datePublished":"2016-05-31T18:01:07+00:00","dateModified":"2024-11-05T09:21:27+00:00","description":"Hotel Interlaken dans un emplacement id\u00e9al | Gare Interlaken Ost | Sortie d'autoroute Nr 26 |","breadcrumb":{"@id":"https:\/\/oldsite.hotelinterlaken.ch\/fr\/emplacement\/#breadcrumb"},"inLanguage":"fr-FR","potentialAction":[{"@type":"ReadAction","target":["https:\/\/oldsite.hotelinterlaken.ch\/fr\/emplacement\/"]}]},{"@type":"BreadcrumbList","@id":"https:\/\/oldsite.hotelinterlaken.ch\/fr\/emplacement\/#breadcrumb","itemListElement":[{"@type":"ListItem","position":1,"name":"Home away from Home","item":"https:\/\/oldsite.hotelinterlaken.ch\/fr\/"},{"@type":"ListItem","position":2,"name":"Emplacement"}]},{"@type":"WebSite","@id":"https:\/\/oldsite.hotelinterlaken.ch\/#website","url":"https:\/\/oldsite.hotelinterlaken.ch\/","name":"Hotel Interlaken","description":"Your hotel for holidays, meetings and events","potentialAction":[{"@type":"SearchAction","target":{"@type":"EntryPoint","urlTemplate":"https:\/\/oldsite.hotelinterlaken.ch\/?s={search_term_string}"},"query-input":{"@type":"PropertyValueSpecification","valueRequired":true,"valueName":"search_term_string"}}],"inLanguage":"fr-FR"}]}},"_links":{"self":[{"href":"https:\/\/oldsite.hotelinterlaken.ch\/fr\/wp-json\/wp\/v2\/pages\/12008","targetHints":{"allow":["GET"]}}],"collection":[{"href":"https:\/\/oldsite.hotelinterlaken.ch\/fr\/wp-json\/wp\/v2\/pages"}],"about":[{"href":"https:\/\/oldsite.hotelinterlaken.ch\/fr\/wp-json\/wp\/v2\/types\/page"}],"author":[{"embeddable":true,"href":"https:\/\/oldsite.hotelinterlaken.ch\/fr\/wp-json\/wp\/v2\/users\/1"}],"replies":[{"embeddable":true,"href":"https:\/\/oldsite.hotelinterlaken.ch\/fr\/wp-json\/wp\/v2\/comments?post=12008"}],"version-history":[{"count":9,"href":"https:\/\/oldsite.hotelinterlaken.ch\/fr\/wp-json\/wp\/v2\/pages\/12008\/revisions"}],"predecessor-version":[{"id":236476,"href":"https:\/\/oldsite.hotelinterlaken.ch\/fr\/wp-json\/wp\/v2\/pages\/12008\/revisions\/236476"}],"wp:attachment":[{"href":"https:\/\/oldsite.hotelinterlaken.ch\/fr\/wp-json\/wp\/v2\/media?parent=12008"}],"curies":[{"name":"wp","href":"https:\/\/api.w.org\/{rel}","templated":true}]}}