{"id":12359,"date":"2016-04-05T11:12:09","date_gmt":"2016-04-05T09:12:09","guid":{"rendered":"https:\/\/hotelinterlaken.ch\/geschichte\/"},"modified":"2024-11-05T12:18:29","modified_gmt":"2024-11-05T11:18:29","slug":"geschichte","status":"publish","type":"page","link":"https:\/\/oldsite.hotelinterlaken.ch\/fr\/geschichte\/","title":{"rendered":"Histoire"},"content":{"rendered":"<p>[et_pb_section fb_built=\u00a0\u00bb1&Prime; custom_padding_last_edited=\u00a0\u00bbon|desktop\u00a0\u00bb admin_label=\u00a0\u00bbSection\u00a0\u00bb _builder_version=\u00a0\u00bb4.16&Prime; background_color=\u00a0\u00bb#a39d91&Prime; custom_padding=\u00a0\u00bb|-100px||-100px\u00a0\u00bb custom_padding_tablet=\u00a0\u00bb50px|0|50px|0&Prime; custom_padding_phone=\u00a0\u00bb\u00a0\u00bb custom_css_main_element=\u00a0\u00bbheight:2px;\u00a0\u00bb transparent_background=\u00a0\u00bboff\u00a0\u00bb padding_mobile=\u00a0\u00bboff\u00a0\u00bb global_colors_info=\u00a0\u00bb{}\u00a0\u00bb][et_pb_row _builder_version=\u00a0\u00bb4.16&Prime; _module_preset=\u00a0\u00bbdefault\u00a0\u00bb global_colors_info=\u00a0\u00bb{}\u00a0\u00bb][et_pb_column type=\u00a0\u00bb4_4&Prime; _builder_version=\u00a0\u00bb4.16&Prime; _module_preset=\u00a0\u00bbdefault\u00a0\u00bb global_colors_info=\u00a0\u00bb{}\u00a0\u00bb][et_pb_code _builder_version=\u00a0\u00bb4.16&Prime; _module_preset=\u00a0\u00bbdefault\u00a0\u00bb global_colors_info=\u00a0\u00bb{}\u00a0\u00bb]<!-- Sojern Container Tag cp_v3_js, Pixel Version: 1 --><!-- [et_pb_line_break_holder] --><script><!-- [et_pb_line_break_holder] -->  (function () {<!-- [et_pb_line_break_holder] -->    \/* Please fill the following values. *\/<!-- [et_pb_line_break_holder] -->    var params = {<!-- [et_pb_line_break_holder] -->      hpr: \"Hotel Interlaken\", \/* Hotel Property *\/<!-- [et_pb_line_break_holder] -->      hpid: \"3288\", \/* Property ID *\/<!-- [et_pb_line_break_holder] -->      sha256_eml: \"\", \/* Hashed Email SHA256 *\/<!-- [et_pb_line_break_holder] -->      sha1_eml: \"\", \/* Hashed Email SHA1 *\/<!-- [et_pb_line_break_holder] -->      md5_eml: \"\", \/* Hashed Email MD5 *\/<!-- [et_pb_line_break_holder] -->      ccid: \"\", \/* Client Cookie id *\/<!-- [et_pb_line_break_holder] -->      pt: \"TRACKING\" \/* Page Type - CONVERSION or HOME_PAGE or PRODUCT or SEARCH or SHOPPING_CART or TRACKING *\/<!-- [et_pb_line_break_holder] -->    };<!-- [et_pb_line_break_holder] --><!-- [et_pb_line_break_holder] -->    \/* Please do not modify the below code. *\/<!-- [et_pb_line_break_holder] -->    params.et = {\"HOME_PAGE\":null,\"SEARCH\":\"hs\",\"PRODUCT\":\"hpr\",\"SHOPPING_CART\":\"hcart\",\"CONVERSION\":\"hc\",\"TRACKING\":null}[params.pt] || '';<!-- [et_pb_line_break_holder] -->    var paramsArr = [];<!-- [et_pb_line_break_holder] -->    for(key in params) { paramsArr.push(key + '=' + encodeURIComponent(params[key])) };<!-- [et_pb_line_break_holder] --><!-- [et_pb_line_break_holder] -->    var pl = document.createElement('script');<!-- [et_pb_line_break_holder] -->    pl.type = 'text\/javascript';<!-- [et_pb_line_break_holder] -->    pl.async = true;<!-- [et_pb_line_break_holder] -->    pl.src = \"https:\/\/beacon.sojern.com\/pixel\/cp\/44?f_v=cp_v3_js&p_v=1&\" + paramsArr.join('&');<!-- [et_pb_line_break_holder] -->    (document.getElementsByTagName('head')[0] || document.getElementsByTagName('body')[0]).appendChild(pl);<!-- [et_pb_line_break_holder] -->  })();<!-- [et_pb_line_break_holder] --><\/script><!-- [et_pb_line_break_holder] --><!-- End Sojern Tag --><!-- [et_pb_line_break_holder] -->[\/et_pb_code][\/et_pb_column][\/et_pb_row][\/et_pb_section][et_pb_section fb_built=\u00a0\u00bb1&Prime; custom_padding_last_edited=\u00a0\u00bbon|desktop\u00a0\u00bb admin_label=\u00a0\u00bbSection\u00a0\u00bb _builder_version=\u00a0\u00bb4.16&Prime; background_color=\u00a0\u00bb#a39d91&Prime; custom_padding=\u00a0\u00bb|-100px||-100px\u00a0\u00bb custom_padding_tablet=\u00a0\u00bb50px|0|50px|0&Prime; custom_padding_phone=\u00a0\u00bb\u00a0\u00bb custom_css_main_element=\u00a0\u00bbheight:2px;\u00a0\u00bb transparent_background=\u00a0\u00bboff\u00a0\u00bb padding_mobile=\u00a0\u00bboff\u00a0\u00bb global_colors_info=\u00a0\u00bb{}\u00a0\u00bb][et_pb_row padding_mobile=\u00a0\u00bboff\u00a0\u00bb column_padding_mobile=\u00a0\u00bbon\u00a0\u00bb admin_label=\u00a0\u00bbRow\u00a0\u00bb module_class=\u00a0\u00bb et_pb_row_fullwidth\u00a0\u00bb _builder_version=\u00a0\u00bb4.16&Prime; background_color=\u00a0\u00bb#a39d91&Prime; background_size=\u00a0\u00bbinitial\u00a0\u00bb background_position=\u00a0\u00bbtop_left\u00a0\u00bb background_repeat=\u00a0\u00bbrepeat\u00a0\u00bb width=\u00a0\u00bb94%\u00a0\u00bb width_tablet=\u00a0\u00bb80%\u00a0\u00bb width_phone=\u00a0\u00bb\u00a0\u00bb width_last_edited=\u00a0\u00bbon|desktop\u00a0\u00bb max_width=\u00a0\u00bb94%\u00a0\u00bb max_width_tablet=\u00a0\u00bb80%\u00a0\u00bb max_width_phone=\u00a0\u00bb\u00a0\u00bb max_width_last_edited=\u00a0\u00bbon|desktop\u00a0\u00bb make_fullwidth=\u00a0\u00bbon\u00a0\u00bb global_colors_info=\u00a0\u00bb{}\u00a0\u00bb][\/et_pb_row][\/et_pb_section][et_pb_section fb_built=\u00a0\u00bb1&Prime; theme_builder_area=\u00a0\u00bbpost_content\u00a0\u00bb _builder_version=\u00a0\u00bb4.25.0&Prime; _module_preset=\u00a0\u00bbdefault\u00a0\u00bb][et_pb_row _builder_version=\u00a0\u00bb4.25.0&Prime; _module_preset=\u00a0\u00bbdefault\u00a0\u00bb column_structure=\u00a0\u00bb1_2,1_2&Prime; theme_builder_area=\u00a0\u00bbpost_content\u00a0\u00bb][et_pb_column _builder_version=\u00a0\u00bb4.25.0&Prime; _module_preset=\u00a0\u00bbdefault\u00a0\u00bb type=\u00a0\u00bb1_2&Prime; theme_builder_area=\u00a0\u00bbpost_content\u00a0\u00bb][et_pb_image src=\u00a0\u00bbhttp:\/\/hotelinterlaken.ch\/wp-content\/uploads\/2021\/05\/Postkarte-von-Hotel-Interlaken-1902-1.jpg\u00a0\u00bb _builder_version=\u00a0\u00bb4.25.0&Prime; _module_preset=\u00a0\u00bbdefault\u00a0\u00bb theme_builder_area=\u00a0\u00bbpost_content\u00a0\u00bb title_text=\u00a0\u00bbCarte postale Hotel Interlaken 1902&Prime; hover_enabled=\u00a0\u00bb0&Prime; sticky_enabled=\u00a0\u00bb0&Prime;][\/et_pb_image][\/et_pb_column][et_pb_column _builder_version=\u00a0\u00bb4.25.0&Prime; _module_preset=\u00a0\u00bbdefault\u00a0\u00bb type=\u00a0\u00bb1_2&Prime; theme_builder_area=\u00a0\u00bbpost_content\u00a0\u00bb][et_pb_image src=\u00a0\u00bbhttp:\/\/hotelinterlaken.ch\/wp-content\/uploads\/2021\/05\/Hotel-Interlaken-alte-Postkarte-1929-1-1.jpg\u00a0\u00bb _builder_version=\u00a0\u00bb4.25.0&Prime; _module_preset=\u00a0\u00bbdefault\u00a0\u00bb theme_builder_area=\u00a0\u00bbpost_content\u00a0\u00bb title_text=\u00a0\u00bbCarte postale Hotel Interlaken 1929&Prime; hover_enabled=\u00a0\u00bb0&Prime; sticky_enabled=\u00a0\u00bb0&Prime;][\/et_pb_image][\/et_pb_column][\/et_pb_row][\/et_pb_section][et_pb_section fb_built=\u00a0\u00bb1&Prime; custom_padding_last_edited=\u00a0\u00bbon|desktop\u00a0\u00bb admin_label=\u00a0\u00bbSection\u00a0\u00bb _builder_version=\u00a0\u00bb4.16&Prime; background_enable_color=\u00a0\u00bboff\u00a0\u00bb custom_padding_tablet=\u00a0\u00bb50px|0|50px|0&Prime; custom_padding_phone=\u00a0\u00bb\u00a0\u00bb transparent_background=\u00a0\u00bboff\u00a0\u00bb padding_mobile=\u00a0\u00bboff\u00a0\u00bb global_colors_info=\u00a0\u00bb{}\u00a0\u00bb][et_pb_row admin_label=\u00a0\u00bbRow\u00a0\u00bb _builder_version=\u00a0\u00bb4.16&Prime; background_size=\u00a0\u00bbinitial\u00a0\u00bb background_position=\u00a0\u00bbtop_left\u00a0\u00bb background_repeat=\u00a0\u00bbrepeat\u00a0\u00bb global_colors_info=\u00a0\u00bb{}\u00a0\u00bb][et_pb_column type=\u00a0\u00bb4_4&Prime; _builder_version=\u00a0\u00bb4.16&Prime; custom_padding=\u00a0\u00bb|||\u00a0\u00bb global_colors_info=\u00a0\u00bb{}\u00a0\u00bb custom_padding__hover=\u00a0\u00bb|||\u00a0\u00bb][et_pb_text admin_label=\u00a0\u00bbText\u00a0\u00bb _builder_version=\u00a0\u00bb4.25.0&Prime; background_color=\u00a0\u00bbrgba(245,241,238,0.28)\u00a0\u00bb background_size=\u00a0\u00bbinitial\u00a0\u00bb background_position=\u00a0\u00bbtop_left\u00a0\u00bb background_repeat=\u00a0\u00bbrepeat\u00a0\u00bb use_border_color=\u00a0\u00bboff\u00a0\u00bb border_color=\u00a0\u00bb#ffffff\u00a0\u00bb border_style=\u00a0\u00bbsolid\u00a0\u00bb global_colors_info=\u00a0\u00bb{}\u00a0\u00bb]<\/p>\n<h1>L&rsquo;histoire<\/h1>\n<p><span style=\"font-size: 14pt;\">Les voyageurs du monde entier vont et viennent dans notre h\u00f4tel depuis plus de 600 ans. En 1323, l&rsquo;Auberge du monast\u00e8re appara\u00eet pour la premi\u00e8re fois dans les chroniques, plus t\u00f4t que tout autre h\u00f4tel d&rsquo;Interlaken et que tr\u00e8s peu de ceux de Suisse.<\/span><\/p>\n<p><span style=\"font-size: 14pt;\">L&rsquo;auberge d&rsquo;Interlaken a \u00e9t\u00e9 pendant longtemps le centre de la grande circonscription administrative de l&rsquo;Oberland bernois et donc le th\u00e9\u00e2tre d&rsquo;importantes actions \u00e9tatiques. Dans la v\u00e9n\u00e9rable salle d&rsquo;audience du premier \u00e9tage, un certain nombre de malfaiteurs ont probablement re\u00e7u leur juste punition. Aujourd&rsquo;hui, des sessions un peu moins explosives s&rsquo;y d\u00e9roulent, mais elle sert de salle de s\u00e9minaire et de conf\u00e9rence.<\/span><\/p>\n<p><span style=\"font-size: 14pt;\">En 1491, la maison a \u00e9t\u00e9 r\u00e9nov\u00e9e par le propri\u00e9taire de l&rsquo;\u00e9poque, Louis Ross, et a re\u00e7u ses propres armoiries. On suppose qu&rsquo;\u00e0 cette \u00e9poque, les autorit\u00e9s bernoises ont officiellement approuv\u00e9 l&rsquo;existence de l&rsquo;auberge. Le relief original des armoiries de style gothique tardif, avec les deux chevaux et les deux bouquetins, est encore visible aujourd&rsquo;hui sur la fa\u00e7ade sud de notre b\u00e2timent class\u00e9. Des fragments des murs d&rsquo;origine ont \u00e9galement \u00e9t\u00e9 conserv\u00e9s dans le hall de l&rsquo;h\u00f4tel et au Restaurant Taverne.<\/span><\/p>\n<p><span style=\"font-size: 14pt;\">Lieu de tranquillit\u00e9, le charme inspirant de notre auberge a \u00e9galement enchant\u00e9 deux grandes c\u00e9l\u00e9brit\u00e9s de la musique : Au XIXe si\u00e8cle, le po\u00e8te anglais Lord Byron et, plus tard, le compositeur romantique allemand Felix Mendelssohn y ont trouv\u00e9 leurs loisirs. <\/span><\/p>\n<p><span style=\"font-size: 14pt;\">Aujourd&rsquo;hui, l&rsquo;ancienne taverne du monast\u00e8re appartient \u00e0 la famille d&rsquo;accueil Beutler. Nous avons essay\u00e9 avec quelques r\u00e9novations et avec beaucoup de c\u0153ur et d&rsquo;\u00e2me de fermer le pont entre la substance historique et les commodit\u00e9s contemporaines. D\u00e9couvrez les vestiges de plus de 600 ans d&rsquo;histoire lors d&rsquo;une visite exploratoire dans les locaux historiques et profitez en m\u00eame temps du confort d&rsquo;un h\u00f4tel 4 \u00e9toiles moderne.<\/span><\/p>\n<p>[\/et_pb_text][\/et_pb_column][\/et_pb_row][\/et_pb_section][et_pb_section fb_built=\u00a0\u00bb1&Prime; _builder_version=\u00a0\u00bb4.16&Prime; _module_preset=\u00a0\u00bbdefault\u00a0\u00bb border_width_bottom=\u00a0\u00bb1px\u00a0\u00bb border_color_bottom=\u00a0\u00bb#000000&Prime; global_colors_info=\u00a0\u00bb{}\u00a0\u00bb][et_pb_row _builder_version=\u00a0\u00bb4.16&Prime; _module_preset=\u00a0\u00bbdefault\u00a0\u00bb global_colors_info=\u00a0\u00bb{}\u00a0\u00bb][et_pb_column type=\u00a0\u00bb4_4&Prime; _builder_version=\u00a0\u00bb4.16&Prime; _module_preset=\u00a0\u00bbdefault\u00a0\u00bb global_colors_info=\u00a0\u00bb{}\u00a0\u00bb][et_pb_gallery gallery_ids=\u00a0\u00bb12319,12316,12328,12322,12331,12307,12325,12313,12310,12304&Prime; _builder_version=\u00a0\u00bb4.16&Prime; _module_preset=\u00a0\u00bbdefault\u00a0\u00bb global_colors_info=\u00a0\u00bb{}\u00a0\u00bb][\/et_pb_gallery][\/et_pb_column][\/et_pb_row][\/et_pb_section]<\/p>\n","protected":false},"excerpt":{"rendered":"<p>L&rsquo;histoire Les voyageurs du monde entier vont et viennent dans notre h\u00f4tel depuis plus de 600 ans. En 1323, l&rsquo;Auberge du monast\u00e8re appara\u00eet pour la premi\u00e8re fois dans les chroniques, plus t\u00f4t que tout autre h\u00f4tel d&rsquo;Interlaken et que tr\u00e8s peu de ceux de Suisse. L&rsquo;auberge d&rsquo;Interlaken a \u00e9t\u00e9 pendant longtemps le centre de la [&hellip;]<\/p>\n","protected":false},"author":1,"featured_media":0,"parent":0,"menu_order":0,"comment_status":"closed","ping_status":"closed","template":"","meta":{"_et_pb_use_builder":"on","_et_pb_old_content":"","_et_gb_content_width":"","_monsterinsights_skip_tracking":false,"_monsterinsights_sitenote_active":false,"_monsterinsights_sitenote_note":"","_monsterinsights_sitenote_category":0,"footnotes":""},"class_list":["post-12359","page","type-page","status-publish","hentry"],"yoast_head":"<!-- This site is optimized with the Yoast SEO plugin v27.0 - https:\/\/yoast.com\/product\/yoast-seo-wordpress\/ -->\n<title>Histoire | Hotel Interlaken<\/title>\n<meta name=\"description\" content=\"L&#039;histoire de l&#039;h\u00f4tel Interlaken remonte au 14\u00e8me si\u00e8cle et la maison est donc le plus ancien h\u00f4tel d&#039;Interlaken.\" \/>\n<meta name=\"robots\" content=\"index, follow, max-snippet:-1, max-image-preview:large, max-video-preview:-1\" \/>\n<link rel=\"canonical\" href=\"https:\/\/oldsite.hotelinterlaken.ch\/fr\/geschichte\/\" \/>\n<meta property=\"og:locale\" content=\"fr_FR\" \/>\n<meta property=\"og:type\" content=\"article\" \/>\n<meta property=\"og:title\" content=\"Histoire | Hotel Interlaken\" \/>\n<meta property=\"og:description\" content=\"L&#039;histoire de l&#039;h\u00f4tel Interlaken remonte au 14\u00e8me si\u00e8cle et la maison est donc le plus ancien h\u00f4tel d&#039;Interlaken.\" \/>\n<meta property=\"og:url\" content=\"https:\/\/oldsite.hotelinterlaken.ch\/fr\/geschichte\/\" \/>\n<meta property=\"og:site_name\" content=\"Hotel Interlaken\" \/>\n<meta property=\"article:publisher\" content=\"https:\/\/www.facebook.com\/hotelinterlaken\" \/>\n<meta property=\"article:modified_time\" content=\"2024-11-05T11:18:29+00:00\" \/>\n<meta name=\"twitter:card\" content=\"summary_large_image\" \/>\n<meta name=\"twitter:site\" content=\"@HotelInterlaken\" \/>\n<meta name=\"twitter:label1\" content=\"Dur\u00e9e de lecture estim\u00e9e\" \/>\n\t<meta name=\"twitter:data1\" content=\"4 minutes\" \/>\n<script type=\"application\/ld+json\" class=\"yoast-schema-graph\">{\"@context\":\"https:\/\/schema.org\",\"@graph\":[{\"@type\":\"WebPage\",\"@id\":\"https:\/\/oldsite.hotelinterlaken.ch\/fr\/geschichte\/\",\"url\":\"https:\/\/oldsite.hotelinterlaken.ch\/fr\/geschichte\/\",\"name\":\"Histoire | Hotel Interlaken\",\"isPartOf\":{\"@id\":\"https:\/\/oldsite.hotelinterlaken.ch\/#website\"},\"datePublished\":\"2016-04-05T09:12:09+00:00\",\"dateModified\":\"2024-11-05T11:18:29+00:00\",\"description\":\"L'histoire de l'h\u00f4tel Interlaken remonte au 14\u00e8me si\u00e8cle et la maison est donc le plus ancien h\u00f4tel d'Interlaken.\",\"breadcrumb\":{\"@id\":\"https:\/\/oldsite.hotelinterlaken.ch\/fr\/geschichte\/#breadcrumb\"},\"inLanguage\":\"fr-FR\",\"potentialAction\":[{\"@type\":\"ReadAction\",\"target\":[\"https:\/\/oldsite.hotelinterlaken.ch\/fr\/geschichte\/\"]}]},{\"@type\":\"BreadcrumbList\",\"@id\":\"https:\/\/oldsite.hotelinterlaken.ch\/fr\/geschichte\/#breadcrumb\",\"itemListElement\":[{\"@type\":\"ListItem\",\"position\":1,\"name\":\"Home away from Home\",\"item\":\"https:\/\/oldsite.hotelinterlaken.ch\/fr\/\"},{\"@type\":\"ListItem\",\"position\":2,\"name\":\"Histoire\"}]},{\"@type\":\"WebSite\",\"@id\":\"https:\/\/oldsite.hotelinterlaken.ch\/#website\",\"url\":\"https:\/\/oldsite.hotelinterlaken.ch\/\",\"name\":\"Hotel Interlaken\",\"description\":\"Your hotel for holidays, meetings and events\",\"potentialAction\":[{\"@type\":\"SearchAction\",\"target\":{\"@type\":\"EntryPoint\",\"urlTemplate\":\"https:\/\/oldsite.hotelinterlaken.ch\/?s={search_term_string}\"},\"query-input\":{\"@type\":\"PropertyValueSpecification\",\"valueRequired\":true,\"valueName\":\"search_term_string\"}}],\"inLanguage\":\"fr-FR\"}]}<\/script>\n<!-- \/ Yoast SEO plugin. -->","yoast_head_json":{"title":"Histoire | Hotel Interlaken","description":"L'histoire de l'h\u00f4tel Interlaken remonte au 14\u00e8me si\u00e8cle et la maison est donc le plus ancien h\u00f4tel d'Interlaken.","robots":{"index":"index","follow":"follow","max-snippet":"max-snippet:-1","max-image-preview":"max-image-preview:large","max-video-preview":"max-video-preview:-1"},"canonical":"https:\/\/oldsite.hotelinterlaken.ch\/fr\/geschichte\/","og_locale":"fr_FR","og_type":"article","og_title":"Histoire | Hotel Interlaken","og_description":"L'histoire de l'h\u00f4tel Interlaken remonte au 14\u00e8me si\u00e8cle et la maison est donc le plus ancien h\u00f4tel d'Interlaken.","og_url":"https:\/\/oldsite.hotelinterlaken.ch\/fr\/geschichte\/","og_site_name":"Hotel Interlaken","article_publisher":"https:\/\/www.facebook.com\/hotelinterlaken","article_modified_time":"2024-11-05T11:18:29+00:00","twitter_card":"summary_large_image","twitter_site":"@HotelInterlaken","twitter_misc":{"Dur\u00e9e de lecture estim\u00e9e":"4 minutes"},"schema":{"@context":"https:\/\/schema.org","@graph":[{"@type":"WebPage","@id":"https:\/\/oldsite.hotelinterlaken.ch\/fr\/geschichte\/","url":"https:\/\/oldsite.hotelinterlaken.ch\/fr\/geschichte\/","name":"Histoire | Hotel Interlaken","isPartOf":{"@id":"https:\/\/oldsite.hotelinterlaken.ch\/#website"},"datePublished":"2016-04-05T09:12:09+00:00","dateModified":"2024-11-05T11:18:29+00:00","description":"L'histoire de l'h\u00f4tel Interlaken remonte au 14\u00e8me si\u00e8cle et la maison est donc le plus ancien h\u00f4tel d'Interlaken.","breadcrumb":{"@id":"https:\/\/oldsite.hotelinterlaken.ch\/fr\/geschichte\/#breadcrumb"},"inLanguage":"fr-FR","potentialAction":[{"@type":"ReadAction","target":["https:\/\/oldsite.hotelinterlaken.ch\/fr\/geschichte\/"]}]},{"@type":"BreadcrumbList","@id":"https:\/\/oldsite.hotelinterlaken.ch\/fr\/geschichte\/#breadcrumb","itemListElement":[{"@type":"ListItem","position":1,"name":"Home away from Home","item":"https:\/\/oldsite.hotelinterlaken.ch\/fr\/"},{"@type":"ListItem","position":2,"name":"Histoire"}]},{"@type":"WebSite","@id":"https:\/\/oldsite.hotelinterlaken.ch\/#website","url":"https:\/\/oldsite.hotelinterlaken.ch\/","name":"Hotel Interlaken","description":"Your hotel for holidays, meetings and events","potentialAction":[{"@type":"SearchAction","target":{"@type":"EntryPoint","urlTemplate":"https:\/\/oldsite.hotelinterlaken.ch\/?s={search_term_string}"},"query-input":{"@type":"PropertyValueSpecification","valueRequired":true,"valueName":"search_term_string"}}],"inLanguage":"fr-FR"}]}},"_links":{"self":[{"href":"https:\/\/oldsite.hotelinterlaken.ch\/fr\/wp-json\/wp\/v2\/pages\/12359","targetHints":{"allow":["GET"]}}],"collection":[{"href":"https:\/\/oldsite.hotelinterlaken.ch\/fr\/wp-json\/wp\/v2\/pages"}],"about":[{"href":"https:\/\/oldsite.hotelinterlaken.ch\/fr\/wp-json\/wp\/v2\/types\/page"}],"author":[{"embeddable":true,"href":"https:\/\/oldsite.hotelinterlaken.ch\/fr\/wp-json\/wp\/v2\/users\/1"}],"replies":[{"embeddable":true,"href":"https:\/\/oldsite.hotelinterlaken.ch\/fr\/wp-json\/wp\/v2\/comments?post=12359"}],"version-history":[{"count":12,"href":"https:\/\/oldsite.hotelinterlaken.ch\/fr\/wp-json\/wp\/v2\/pages\/12359\/revisions"}],"predecessor-version":[{"id":236527,"href":"https:\/\/oldsite.hotelinterlaken.ch\/fr\/wp-json\/wp\/v2\/pages\/12359\/revisions\/236527"}],"wp:attachment":[{"href":"https:\/\/oldsite.hotelinterlaken.ch\/fr\/wp-json\/wp\/v2\/media?parent=12359"}],"curies":[{"name":"wp","href":"https:\/\/api.w.org\/{rel}","templated":true}]}}