{"id":13592,"date":"2022-01-11T14:38:46","date_gmt":"2022-01-11T13:38:46","guid":{"rendered":"https:\/\/hotelinterlaken.ch\/reconstruction\/"},"modified":"2024-11-05T10:50:03","modified_gmt":"2024-11-05T09:50:03","slug":"reconstruction","status":"publish","type":"page","link":"https:\/\/oldsite.hotelinterlaken.ch\/fr\/reconstruction\/","title":{"rendered":"Reconstruction"},"content":{"rendered":"<p>[et_pb_section fb_built=\u00a0\u00bb1&Prime; custom_padding_last_edited=\u00a0\u00bbon|desktop\u00a0\u00bb admin_label=\u00a0\u00bbsection\u00a0\u00bb _builder_version=\u00a0\u00bb4.16&Prime; background_color=\u00a0\u00bb#FFFFFF\u00a0\u00bb custom_padding_tablet=\u00a0\u00bb50px|0|50px|0&Prime; custom_padding_phone=\u00a0\u00bb\u00a0\u00bb transparent_background=\u00a0\u00bboff\u00a0\u00bb padding_mobile=\u00a0\u00bboff\u00a0\u00bb global_colors_info=\u00a0\u00bb{}\u00a0\u00bb][et_pb_row padding_mobile=\u00a0\u00bboff\u00a0\u00bb column_padding_mobile=\u00a0\u00bbon\u00a0\u00bb disabled_on=\u00a0\u00bboff|off|off\u00a0\u00bb admin_label=\u00a0\u00bbrow\u00a0\u00bb _builder_version=\u00a0\u00bb4.16&Prime; background_size=\u00a0\u00bbinitial\u00a0\u00bb background_position=\u00a0\u00bbtop_left\u00a0\u00bb background_repeat=\u00a0\u00bbrepeat\u00a0\u00bb hover_enabled=\u00a0\u00bb0&Prime; global_colors_info=\u00a0\u00bb{}\u00a0\u00bb sticky_enabled=\u00a0\u00bb0&Prime;][et_pb_column type=\u00a0\u00bb4_4&Prime; _builder_version=\u00a0\u00bb4.16&Prime; custom_padding=\u00a0\u00bb|||\u00a0\u00bb global_colors_info=\u00a0\u00bb{}\u00a0\u00bb custom_padding__hover=\u00a0\u00bb|||\u00a0\u00bb][et_pb_text disabled_on=\u00a0\u00bboff|off|off\u00a0\u00bb admin_label=\u00a0\u00bbText\u00a0\u00bb _builder_version=\u00a0\u00bb4.25.0&Prime; background_size=\u00a0\u00bbinitial\u00a0\u00bb background_position=\u00a0\u00bbtop_left\u00a0\u00bb background_repeat=\u00a0\u00bbrepeat\u00a0\u00bb hover_enabled=\u00a0\u00bb0&Prime; use_border_color=\u00a0\u00bboff\u00a0\u00bb border_style=\u00a0\u00bbsolid\u00a0\u00bb global_colors_info=\u00a0\u00bb{}\u00a0\u00bb sticky_enabled=\u00a0\u00bb0&Prime;]<H1>TRAVAUX &#038; RENOVATIONS<\/H1>[\/et_pb_text][\/et_pb_column][\/et_pb_row][et_pb_row padding_mobile=\u00a0\u00bboff\u00a0\u00bb column_padding_mobile=\u00a0\u00bbon\u00a0\u00bb disabled_on=\u00a0\u00bboff|off|off\u00a0\u00bb admin_label=\u00a0\u00bbrow\u00a0\u00bb _builder_version=\u00a0\u00bb4.16&Prime; background_size=\u00a0\u00bbinitial\u00a0\u00bb background_position=\u00a0\u00bbtop_left\u00a0\u00bb background_repeat=\u00a0\u00bbrepeat\u00a0\u00bb global_colors_info=\u00a0\u00bb{}\u00a0\u00bb][et_pb_column type=\u00a0\u00bb4_4&Prime; _builder_version=\u00a0\u00bb4.16&Prime; custom_padding=\u00a0\u00bb|||\u00a0\u00bb global_colors_info=\u00a0\u00bb{}\u00a0\u00bb custom_padding__hover=\u00a0\u00bb|||\u00a0\u00bb][et_pb_text admin_label=\u00a0\u00bbText\u00a0\u00bb _builder_version=\u00a0\u00bb4.25.0&Prime; background_size=\u00a0\u00bbinitial\u00a0\u00bb background_position=\u00a0\u00bbtop_left\u00a0\u00bb background_repeat=\u00a0\u00bbrepeat\u00a0\u00bb use_border_color=\u00a0\u00bboff\u00a0\u00bb border_style=\u00a0\u00bbsolid\u00a0\u00bb global_colors_info=\u00a0\u00bb{}\u00a0\u00bb]<\/p>\n<h4>EN printemps 2025, LA PLACE DEVANT L&rsquo;H\u00d4TEL SERA RECOUVERTE D&rsquo;UN NOUVEAU REV\u00caTEMENT. IL PEUT Y AVOIR DES PERTURBATIONS.<\/h4>\n<h4><\/h4>\n<h4>Pendant les mois de Janvier, f\u00e9vrier et mars 2025, toutes les chambres du troisi\u00e8me et du quatri\u00e8me \u00e9tage ainsi que les couloirs seront r\u00e9nov\u00e9s. Il est possible que des \u00e9missions sonores se produisent entre-temps. Nous vous remercions de votre compr\u00e9hension.<\/h4>\n<p>&nbsp;<\/p>\n<p>[\/et_pb_text][\/et_pb_column][\/et_pb_row][\/et_pb_section][et_pb_section fb_built=\u00a0\u00bb1&Prime; custom_padding_last_edited=\u00a0\u00bbon|desktop\u00a0\u00bb admin_label=\u00a0\u00bbSection\u00a0\u00bb _builder_version=\u00a0\u00bb4.16&Prime; background_color=\u00a0\u00bb#FFFFFF\u00a0\u00bb custom_padding_tablet=\u00a0\u00bb50px|0|50px|0&Prime; custom_padding_phone=\u00a0\u00bb\u00a0\u00bb transparent_background=\u00a0\u00bboff\u00a0\u00bb padding_mobile=\u00a0\u00bboff\u00a0\u00bb global_colors_info=\u00a0\u00bb{}\u00a0\u00bb][et_pb_row column_structure=\u00a0\u00bb1_3,1_3,1_3&Prime; padding_mobile=\u00a0\u00bboff\u00a0\u00bb column_padding_mobile=\u00a0\u00bbon\u00a0\u00bb admin_label=\u00a0\u00bbRow\u00a0\u00bb _builder_version=\u00a0\u00bb4.16&Prime; background_size=\u00a0\u00bbinitial\u00a0\u00bb background_position=\u00a0\u00bbtop_left\u00a0\u00bb background_repeat=\u00a0\u00bbrepeat\u00a0\u00bb global_colors_info=\u00a0\u00bb{}\u00a0\u00bb][et_pb_column type=\u00a0\u00bb1_3&Prime; _builder_version=\u00a0\u00bb4.16&Prime; custom_padding=\u00a0\u00bb|||\u00a0\u00bb global_colors_info=\u00a0\u00bb{}\u00a0\u00bb custom_padding__hover=\u00a0\u00bb|||\u00a0\u00bb][et_pb_gallery gallery_ids=\u00a0\u00bb11604,11494,13782,13788,13791,13794,230586,230652,230667,232049,232036&Prime; fullwidth=\u00a0\u00bbon\u00a0\u00bb admin_label=\u00a0\u00bbRezeption-Gallery\u00a0\u00bb _builder_version=\u00a0\u00bb4.25.0&Prime; caption_all_caps=\u00a0\u00bboff\u00a0\u00bb background_layout=\u00a0\u00bbdark\u00a0\u00bb use_border_color=\u00a0\u00bboff\u00a0\u00bb border_color=\u00a0\u00bb#ffffff\u00a0\u00bb border_width=\u00a0\u00bb1px\u00a0\u00bb border_style=\u00a0\u00bbsolid\u00a0\u00bb global_colors_info=\u00a0\u00bb{}\u00a0\u00bb][\/et_pb_gallery][et_pb_text admin_label=\u00a0\u00bbText\u00a0\u00bb _builder_version=\u00a0\u00bb4.16&Prime; background_size=\u00a0\u00bbinitial\u00a0\u00bb background_position=\u00a0\u00bbtop_left\u00a0\u00bb background_repeat=\u00a0\u00bbrepeat\u00a0\u00bb use_border_color=\u00a0\u00bboff\u00a0\u00bb border_style=\u00a0\u00bbsolid\u00a0\u00bb global_colors_info=\u00a0\u00bb{}\u00a0\u00bb]<\/p>\n<h2>R\u00e9novation chambres 2022<\/h2>\n<p><span style=\"font-size: 14pt;\">Les chambres auront un nouveau design, plus frais, avec du parquet, de nouveaux meubles et un nouveau concept de couleurs.<br \/>Les trois premi\u00e8res photos sont celles des \u00ab\u00a0anciennes\u00a0\u00bb chambres.<\/span><\/p>\n<p>[\/et_pb_text][\/et_pb_column][et_pb_column type=\u00a0\u00bb1_3&Prime; _builder_version=\u00a0\u00bb4.16&Prime; custom_padding=\u00a0\u00bb|||\u00a0\u00bb global_colors_info=\u00a0\u00bb{}\u00a0\u00bb custom_padding__hover=\u00a0\u00bb|||\u00a0\u00bb][et_pb_gallery gallery_ids=\u00a0\u00bb11576,11812,8914,8916,8908&Prime; fullwidth=\u00a0\u00bbon\u00a0\u00bb admin_label=\u00a0\u00bbRezeption-Gallery\u00a0\u00bb _builder_version=\u00a0\u00bb4.16&Prime; caption_all_caps=\u00a0\u00bboff\u00a0\u00bb background_layout=\u00a0\u00bbdark\u00a0\u00bb use_border_color=\u00a0\u00bboff\u00a0\u00bb border_color=\u00a0\u00bb#ffffff\u00a0\u00bb border_width=\u00a0\u00bb1px\u00a0\u00bb border_style=\u00a0\u00bbsolid\u00a0\u00bb global_colors_info=\u00a0\u00bb{}\u00a0\u00bb][\/et_pb_gallery][et_pb_text admin_label=\u00a0\u00bbText\u00a0\u00bb _builder_version=\u00a0\u00bb4.16&Prime; background_size=\u00a0\u00bbinitial\u00a0\u00bb background_position=\u00a0\u00bbtop_left\u00a0\u00bb background_repeat=\u00a0\u00bbrepeat\u00a0\u00bb use_border_color=\u00a0\u00bboff\u00a0\u00bb border_style=\u00a0\u00bbsolid\u00a0\u00bb global_colors_info=\u00a0\u00bb{}\u00a0\u00bb]<\/p>\n<h2>R\u00c9NOVATION DE LA SALLE ROCOCO 2019<\/h2>\n<p><span style=\"font-size: 14pt;\">Notre salle rococo a \u00e9t\u00e9 r\u00e9nov\u00e9e en douceur. La porte d&rsquo;entr\u00e9e a \u00e9t\u00e9 agrandie et de nouveaux rideaux et lampes ont \u00e9t\u00e9 install\u00e9s, entre autres.<br \/><\/span><\/p>\n<p>[\/et_pb_text][\/et_pb_column][et_pb_column type=\u00a0\u00bb1_3&Prime; _builder_version=\u00a0\u00bb4.16&Prime; custom_padding=\u00a0\u00bb|||\u00a0\u00bb global_colors_info=\u00a0\u00bb{}\u00a0\u00bb custom_padding__hover=\u00a0\u00bb|||\u00a0\u00bb][et_pb_gallery gallery_ids=\u00a0\u00bb11668,13597,13596,13595,13593,13594,13598&Prime; fullwidth=\u00a0\u00bbon\u00a0\u00bb admin_label=\u00a0\u00bbRezeption-Gallery\u00a0\u00bb _builder_version=\u00a0\u00bb4.16&Prime; caption_all_caps=\u00a0\u00bboff\u00a0\u00bb background_layout=\u00a0\u00bbdark\u00a0\u00bb use_border_color=\u00a0\u00bboff\u00a0\u00bb border_color=\u00a0\u00bb#ffffff\u00a0\u00bb border_width=\u00a0\u00bb1px\u00a0\u00bb border_style=\u00a0\u00bbsolid\u00a0\u00bb global_colors_info=\u00a0\u00bb{}\u00a0\u00bb][\/et_pb_gallery][et_pb_text admin_label=\u00a0\u00bbText\u00a0\u00bb _builder_version=\u00a0\u00bb4.16&Prime; background_size=\u00a0\u00bbinitial\u00a0\u00bb background_position=\u00a0\u00bbtop_left\u00a0\u00bb background_repeat=\u00a0\u00bbrepeat\u00a0\u00bb use_border_color=\u00a0\u00bboff\u00a0\u00bb border_style=\u00a0\u00bbsolid\u00a0\u00bb global_colors_info=\u00a0\u00bb{}\u00a0\u00bb]<\/p>\n<h2>R\u00e9novation de la r\u00e9ception<\/h2>\n<p><span style=\"font-size: 14pt;\">Notre r\u00e9ception a \u00e9t\u00e9 r\u00e9nov\u00e9e en 2016 et brille d\u00e9sormais d&rsquo;un nouvel \u00e9clat.<\/span><\/p>\n<p>[\/et_pb_text][\/et_pb_column][\/et_pb_row][et_pb_row column_structure=\u00a0\u00bb1_3,1_3,1_3&Prime; padding_mobile=\u00a0\u00bboff\u00a0\u00bb column_padding_mobile=\u00a0\u00bbon\u00a0\u00bb admin_label=\u00a0\u00bbRow\u00a0\u00bb _builder_version=\u00a0\u00bb4.16&Prime; background_size=\u00a0\u00bbinitial\u00a0\u00bb background_position=\u00a0\u00bbtop_left\u00a0\u00bb background_repeat=\u00a0\u00bbrepeat\u00a0\u00bb global_colors_info=\u00a0\u00bb{}\u00a0\u00bb][et_pb_column type=\u00a0\u00bb1_3&Prime; _builder_version=\u00a0\u00bb4.16&Prime; custom_padding=\u00a0\u00bb|||\u00a0\u00bb global_colors_info=\u00a0\u00bb{}\u00a0\u00bb custom_padding__hover=\u00a0\u00bb|||\u00a0\u00bb][et_pb_gallery gallery_ids=\u00a0\u00bb11634,11660,11659,11658,11657,11655,11654,11656,11651,11653,11652&Prime; fullwidth=\u00a0\u00bbon\u00a0\u00bb admin_label=\u00a0\u00bbFassade-Gallery\u00a0\u00bb _builder_version=\u00a0\u00bb4.16&Prime; caption_all_caps=\u00a0\u00bboff\u00a0\u00bb background_layout=\u00a0\u00bbdark\u00a0\u00bb use_border_color=\u00a0\u00bboff\u00a0\u00bb border_color=\u00a0\u00bb#ffffff\u00a0\u00bb border_width=\u00a0\u00bb1px\u00a0\u00bb border_style=\u00a0\u00bbsolid\u00a0\u00bb global_colors_info=\u00a0\u00bb{}\u00a0\u00bb][\/et_pb_gallery][et_pb_text admin_label=\u00a0\u00bbText\u00a0\u00bb _builder_version=\u00a0\u00bb4.16&Prime; background_size=\u00a0\u00bbinitial\u00a0\u00bb background_position=\u00a0\u00bbtop_left\u00a0\u00bb background_repeat=\u00a0\u00bbrepeat\u00a0\u00bb use_border_color=\u00a0\u00bboff\u00a0\u00bb border_style=\u00a0\u00bbsolid\u00a0\u00bb global_colors_info=\u00a0\u00bb{}\u00a0\u00bb]<\/p>\n<h2>R\u00e9novation de la fa\u00e7ade<\/h2>\n<p><span style=\"font-size: 14pt;\">Au printemps 2015, toute la fa\u00e7ade a \u00e9t\u00e9 r\u00e9nov\u00e9e et les couleurs ont \u00e9t\u00e9 reprises pour retrouver l&rsquo;aspect original du d\u00e9but du XXe si\u00e8cle.<\/span><\/p>\n<p>[\/et_pb_text][\/et_pb_column][et_pb_column type=\u00a0\u00bb1_3&Prime; _builder_version=\u00a0\u00bb4.16&Prime; custom_padding=\u00a0\u00bb|||\u00a0\u00bb global_colors_info=\u00a0\u00bb{}\u00a0\u00bb custom_padding__hover=\u00a0\u00bb|||\u00a0\u00bb][et_pb_gallery gallery_ids=\u00a0\u00bb11636,11641,11647,11646,11649,11648,11645,11644,11643,11642,11640,11639,11638,11637,11635,11650&Prime; fullwidth=\u00a0\u00bbon\u00a0\u00bb admin_label=\u00a0\u00bbK\u00fcche-Gallery\u00a0\u00bb _builder_version=\u00a0\u00bb4.16&Prime; caption_all_caps=\u00a0\u00bboff\u00a0\u00bb background_layout=\u00a0\u00bbdark\u00a0\u00bb use_border_color=\u00a0\u00bboff\u00a0\u00bb border_color=\u00a0\u00bb#ffffff\u00a0\u00bb border_width=\u00a0\u00bb1px\u00a0\u00bb border_style=\u00a0\u00bbsolid\u00a0\u00bb global_colors_info=\u00a0\u00bb{}\u00a0\u00bb][\/et_pb_gallery][et_pb_text admin_label=\u00a0\u00bbText\u00a0\u00bb _builder_version=\u00a0\u00bb4.16&Prime; background_size=\u00a0\u00bbinitial\u00a0\u00bb background_position=\u00a0\u00bbtop_left\u00a0\u00bb background_repeat=\u00a0\u00bbrepeat\u00a0\u00bb use_border_color=\u00a0\u00bboff\u00a0\u00bb border_style=\u00a0\u00bbsolid\u00a0\u00bb global_colors_info=\u00a0\u00bb{}\u00a0\u00bb]<\/p>\n<h2>Transformation de la cuisine<\/h2>\n<p><span style=\"font-size: 14pt;\">En hiver 2014, la cuisine a \u00e9t\u00e9 r\u00e9nov\u00e9e de fond en comble.<\/span><\/p>\n<p>[\/et_pb_text][\/et_pb_column][et_pb_column type=\u00a0\u00bb1_3&Prime; _builder_version=\u00a0\u00bb4.16&Prime; custom_padding=\u00a0\u00bb|||\u00a0\u00bb global_colors_info=\u00a0\u00bb{}\u00a0\u00bb custom_padding__hover=\u00a0\u00bb|||\u00a0\u00bb][\/et_pb_column][\/et_pb_row][\/et_pb_section][et_pb_section fb_built=\u00a0\u00bb1&Prime; _builder_version=\u00a0\u00bb4.16&Prime; _module_preset=\u00a0\u00bbdefault\u00a0\u00bb global_colors_info=\u00a0\u00bb{}\u00a0\u00bb][et_pb_row _builder_version=\u00a0\u00bb4.16&Prime; _module_preset=\u00a0\u00bbdefault\u00a0\u00bb global_colors_info=\u00a0\u00bb{}\u00a0\u00bb][et_pb_column type=\u00a0\u00bb4_4&Prime; _builder_version=\u00a0\u00bb4.16&Prime; _module_preset=\u00a0\u00bbdefault\u00a0\u00bb global_colors_info=\u00a0\u00bb{}\u00a0\u00bb][et_pb_divider color=\u00a0\u00bb#000000&Prime; _builder_version=\u00a0\u00bb4.16&Prime; _module_preset=\u00a0\u00bbdefault\u00a0\u00bb global_colors_info=\u00a0\u00bb{}\u00a0\u00bb][\/et_pb_divider][\/et_pb_column][\/et_pb_row][\/et_pb_section][et_pb_section fb_built=\u00a0\u00bb1&Prime; custom_padding_last_edited=\u00a0\u00bbon|desktop\u00a0\u00bb admin_label=\u00a0\u00bbsection\u00a0\u00bb _builder_version=\u00a0\u00bb4.16&Prime; background_color=\u00a0\u00bb#FFFFFF\u00a0\u00bb custom_padding_tablet=\u00a0\u00bb50px|0|50px|0&Prime; custom_padding_phone=\u00a0\u00bb\u00a0\u00bb border_width_bottom=\u00a0\u00bb1px\u00a0\u00bb border_color_bottom=\u00a0\u00bb#000000&Prime; transparent_background=\u00a0\u00bboff\u00a0\u00bb padding_mobile=\u00a0\u00bboff\u00a0\u00bb global_colors_info=\u00a0\u00bb{}\u00a0\u00bb][et_pb_row padding_mobile=\u00a0\u00bboff\u00a0\u00bb column_padding_mobile=\u00a0\u00bbon\u00a0\u00bb admin_label=\u00a0\u00bbrow\u00a0\u00bb _builder_version=\u00a0\u00bb4.16&Prime; background_size=\u00a0\u00bbinitial\u00a0\u00bb background_position=\u00a0\u00bbtop_left\u00a0\u00bb background_repeat=\u00a0\u00bbrepeat\u00a0\u00bb global_colors_info=\u00a0\u00bb{}\u00a0\u00bb][et_pb_column type=\u00a0\u00bb4_4&Prime; _builder_version=\u00a0\u00bb4.16&Prime; custom_padding=\u00a0\u00bb|||\u00a0\u00bb global_colors_info=\u00a0\u00bb{}\u00a0\u00bb custom_padding__hover=\u00a0\u00bb|||\u00a0\u00bb][et_pb_text admin_label=\u00a0\u00bbText\u00a0\u00bb _builder_version=\u00a0\u00bb4.16&Prime; background_size=\u00a0\u00bbinitial\u00a0\u00bb background_position=\u00a0\u00bbtop_left\u00a0\u00bb background_repeat=\u00a0\u00bbrepeat\u00a0\u00bb use_border_color=\u00a0\u00bboff\u00a0\u00bb border_color=\u00a0\u00bb#ffffff\u00a0\u00bb border_style=\u00a0\u00bbsolid\u00a0\u00bb global_colors_info=\u00a0\u00bb{}\u00a0\u00bb]<\/p>\n<p><span style=\"font-size: 14pt;\">Depuis 2006, nous nous effor\u00e7ons de r\u00e9nover et d&rsquo;am\u00e9liorer l&rsquo;h\u00f4tel. Nous avons commenc\u00e9 par le restaurant Taverne et le Kloster Lounge &amp; Bar et nous avons continu\u00e9 \u00e0 travailler dans tout l&rsquo;h\u00f4tel. Aujourd&rsquo;hui, nous sommes fiers de pouvoir dire que l&rsquo;h\u00f4tel a \u00e9t\u00e9 enti\u00e8rement r\u00e9nov\u00e9, que ce soit la cuisine, les chambres, les salles de s\u00e9minaire, la fa\u00e7ade ou, pour finir, la r\u00e9ception. Nous esp\u00e9rons que cela vous plaira autant qu&rsquo;\u00e0 nous.<br \/><\/span><\/p>\n<p>[\/et_pb_text][\/et_pb_column][\/et_pb_row][\/et_pb_section]<\/p>\n","protected":false},"excerpt":{"rendered":"<p>TRAVAUX &#038; RENOVATIONSEN printemps 2025, LA PLACE DEVANT L&rsquo;H\u00d4TEL SERA RECOUVERTE D&rsquo;UN NOUVEAU REV\u00caTEMENT. IL PEUT Y AVOIR DES PERTURBATIONS. Pendant les mois de Janvier, f\u00e9vrier et mars 2025, toutes les chambres du troisi\u00e8me et du quatri\u00e8me \u00e9tage ainsi que les couloirs seront r\u00e9nov\u00e9s. Il est possible que des \u00e9missions sonores se produisent entre-temps. Nous [&hellip;]<\/p>\n","protected":false},"author":1,"featured_media":0,"parent":0,"menu_order":0,"comment_status":"closed","ping_status":"closed","template":"","meta":{"_et_pb_use_builder":"on","_et_pb_old_content":"","_et_gb_content_width":"","_monsterinsights_skip_tracking":false,"_monsterinsights_sitenote_active":false,"_monsterinsights_sitenote_note":"","_monsterinsights_sitenote_category":0,"footnotes":""},"class_list":["post-13592","page","type-page","status-publish","hentry"],"yoast_head":"<!-- This site is optimized with the Yoast SEO plugin v27.0 - https:\/\/yoast.com\/product\/yoast-seo-wordpress\/ -->\n<title>Reconstruction - Hotel Interlaken<\/title>\n<meta name=\"description\" content=\"Transformation | R\u00e9novations | Nous sommes constamment en train d&#039;am\u00e9liorer l&#039;h\u00f4tel Interlaken | Consultez ici les informations actuelles.\" \/>\n<meta name=\"robots\" content=\"index, follow, max-snippet:-1, max-image-preview:large, max-video-preview:-1\" \/>\n<link rel=\"canonical\" href=\"https:\/\/oldsite.hotelinterlaken.ch\/fr\/reconstruction\/\" \/>\n<meta property=\"og:locale\" content=\"fr_FR\" \/>\n<meta property=\"og:type\" content=\"article\" \/>\n<meta property=\"og:title\" content=\"Reconstruction - Hotel Interlaken\" \/>\n<meta property=\"og:description\" content=\"Transformation | R\u00e9novations | Nous sommes constamment en train d&#039;am\u00e9liorer l&#039;h\u00f4tel Interlaken | Consultez ici les informations actuelles.\" \/>\n<meta property=\"og:url\" content=\"https:\/\/oldsite.hotelinterlaken.ch\/fr\/reconstruction\/\" \/>\n<meta property=\"og:site_name\" content=\"Hotel Interlaken\" \/>\n<meta property=\"article:publisher\" content=\"https:\/\/www.facebook.com\/hotelinterlaken\" \/>\n<meta property=\"article:modified_time\" content=\"2024-11-05T09:50:03+00:00\" \/>\n<meta name=\"twitter:card\" content=\"summary_large_image\" \/>\n<meta name=\"twitter:site\" content=\"@HotelInterlaken\" \/>\n<meta name=\"twitter:label1\" content=\"Dur\u00e9e de lecture estim\u00e9e\" \/>\n\t<meta name=\"twitter:data1\" content=\"6 minutes\" \/>\n<script type=\"application\/ld+json\" class=\"yoast-schema-graph\">{\"@context\":\"https:\/\/schema.org\",\"@graph\":[{\"@type\":\"WebPage\",\"@id\":\"https:\/\/oldsite.hotelinterlaken.ch\/fr\/reconstruction\/\",\"url\":\"https:\/\/oldsite.hotelinterlaken.ch\/fr\/reconstruction\/\",\"name\":\"Reconstruction - Hotel Interlaken\",\"isPartOf\":{\"@id\":\"https:\/\/oldsite.hotelinterlaken.ch\/#website\"},\"datePublished\":\"2022-01-11T13:38:46+00:00\",\"dateModified\":\"2024-11-05T09:50:03+00:00\",\"description\":\"Transformation | R\u00e9novations | Nous sommes constamment en train d'am\u00e9liorer l'h\u00f4tel Interlaken | Consultez ici les informations actuelles.\",\"breadcrumb\":{\"@id\":\"https:\/\/oldsite.hotelinterlaken.ch\/fr\/reconstruction\/#breadcrumb\"},\"inLanguage\":\"fr-FR\",\"potentialAction\":[{\"@type\":\"ReadAction\",\"target\":[\"https:\/\/oldsite.hotelinterlaken.ch\/fr\/reconstruction\/\"]}]},{\"@type\":\"BreadcrumbList\",\"@id\":\"https:\/\/oldsite.hotelinterlaken.ch\/fr\/reconstruction\/#breadcrumb\",\"itemListElement\":[{\"@type\":\"ListItem\",\"position\":1,\"name\":\"Home away from Home\",\"item\":\"https:\/\/oldsite.hotelinterlaken.ch\/fr\/\"},{\"@type\":\"ListItem\",\"position\":2,\"name\":\"Reconstruction\"}]},{\"@type\":\"WebSite\",\"@id\":\"https:\/\/oldsite.hotelinterlaken.ch\/#website\",\"url\":\"https:\/\/oldsite.hotelinterlaken.ch\/\",\"name\":\"Hotel Interlaken\",\"description\":\"Your hotel for holidays, meetings and events\",\"potentialAction\":[{\"@type\":\"SearchAction\",\"target\":{\"@type\":\"EntryPoint\",\"urlTemplate\":\"https:\/\/oldsite.hotelinterlaken.ch\/?s={search_term_string}\"},\"query-input\":{\"@type\":\"PropertyValueSpecification\",\"valueRequired\":true,\"valueName\":\"search_term_string\"}}],\"inLanguage\":\"fr-FR\"}]}<\/script>\n<!-- \/ Yoast SEO plugin. -->","yoast_head_json":{"title":"Reconstruction - Hotel Interlaken","description":"Transformation | R\u00e9novations | Nous sommes constamment en train d'am\u00e9liorer l'h\u00f4tel Interlaken | Consultez ici les informations actuelles.","robots":{"index":"index","follow":"follow","max-snippet":"max-snippet:-1","max-image-preview":"max-image-preview:large","max-video-preview":"max-video-preview:-1"},"canonical":"https:\/\/oldsite.hotelinterlaken.ch\/fr\/reconstruction\/","og_locale":"fr_FR","og_type":"article","og_title":"Reconstruction - Hotel Interlaken","og_description":"Transformation | R\u00e9novations | Nous sommes constamment en train d'am\u00e9liorer l'h\u00f4tel Interlaken | Consultez ici les informations actuelles.","og_url":"https:\/\/oldsite.hotelinterlaken.ch\/fr\/reconstruction\/","og_site_name":"Hotel Interlaken","article_publisher":"https:\/\/www.facebook.com\/hotelinterlaken","article_modified_time":"2024-11-05T09:50:03+00:00","twitter_card":"summary_large_image","twitter_site":"@HotelInterlaken","twitter_misc":{"Dur\u00e9e de lecture estim\u00e9e":"6 minutes"},"schema":{"@context":"https:\/\/schema.org","@graph":[{"@type":"WebPage","@id":"https:\/\/oldsite.hotelinterlaken.ch\/fr\/reconstruction\/","url":"https:\/\/oldsite.hotelinterlaken.ch\/fr\/reconstruction\/","name":"Reconstruction - Hotel Interlaken","isPartOf":{"@id":"https:\/\/oldsite.hotelinterlaken.ch\/#website"},"datePublished":"2022-01-11T13:38:46+00:00","dateModified":"2024-11-05T09:50:03+00:00","description":"Transformation | R\u00e9novations | Nous sommes constamment en train d'am\u00e9liorer l'h\u00f4tel Interlaken | Consultez ici les informations actuelles.","breadcrumb":{"@id":"https:\/\/oldsite.hotelinterlaken.ch\/fr\/reconstruction\/#breadcrumb"},"inLanguage":"fr-FR","potentialAction":[{"@type":"ReadAction","target":["https:\/\/oldsite.hotelinterlaken.ch\/fr\/reconstruction\/"]}]},{"@type":"BreadcrumbList","@id":"https:\/\/oldsite.hotelinterlaken.ch\/fr\/reconstruction\/#breadcrumb","itemListElement":[{"@type":"ListItem","position":1,"name":"Home away from Home","item":"https:\/\/oldsite.hotelinterlaken.ch\/fr\/"},{"@type":"ListItem","position":2,"name":"Reconstruction"}]},{"@type":"WebSite","@id":"https:\/\/oldsite.hotelinterlaken.ch\/#website","url":"https:\/\/oldsite.hotelinterlaken.ch\/","name":"Hotel Interlaken","description":"Your hotel for holidays, meetings and events","potentialAction":[{"@type":"SearchAction","target":{"@type":"EntryPoint","urlTemplate":"https:\/\/oldsite.hotelinterlaken.ch\/?s={search_term_string}"},"query-input":{"@type":"PropertyValueSpecification","valueRequired":true,"valueName":"search_term_string"}}],"inLanguage":"fr-FR"}]}},"_links":{"self":[{"href":"https:\/\/oldsite.hotelinterlaken.ch\/fr\/wp-json\/wp\/v2\/pages\/13592","targetHints":{"allow":["GET"]}}],"collection":[{"href":"https:\/\/oldsite.hotelinterlaken.ch\/fr\/wp-json\/wp\/v2\/pages"}],"about":[{"href":"https:\/\/oldsite.hotelinterlaken.ch\/fr\/wp-json\/wp\/v2\/types\/page"}],"author":[{"embeddable":true,"href":"https:\/\/oldsite.hotelinterlaken.ch\/fr\/wp-json\/wp\/v2\/users\/1"}],"replies":[{"embeddable":true,"href":"https:\/\/oldsite.hotelinterlaken.ch\/fr\/wp-json\/wp\/v2\/comments?post=13592"}],"version-history":[{"count":19,"href":"https:\/\/oldsite.hotelinterlaken.ch\/fr\/wp-json\/wp\/v2\/pages\/13592\/revisions"}],"predecessor-version":[{"id":236504,"href":"https:\/\/oldsite.hotelinterlaken.ch\/fr\/wp-json\/wp\/v2\/pages\/13592\/revisions\/236504"}],"wp:attachment":[{"href":"https:\/\/oldsite.hotelinterlaken.ch\/fr\/wp-json\/wp\/v2\/media?parent=13592"}],"curies":[{"name":"wp","href":"https:\/\/api.w.org\/{rel}","templated":true}]}}