{"id":236534,"date":"2024-11-05T12:48:39","date_gmt":"2024-11-05T11:48:39","guid":{"rendered":"https:\/\/hotelinterlaken.ch\/petit-dejeuner\/"},"modified":"2024-11-05T12:55:52","modified_gmt":"2024-11-05T11:55:52","slug":"petit-dejeuner","status":"publish","type":"page","link":"https:\/\/oldsite.hotelinterlaken.ch\/fr\/petit-dejeuner\/","title":{"rendered":"Petit d\u00e9jeuner"},"content":{"rendered":"<p>[et_pb_section fb_built=\u00a0\u00bb1&Prime; _builder_version=\u00a0\u00bb4.25.0&Prime; _module_preset=\u00a0\u00bbdefault\u00a0\u00bb global_colors_info=\u00a0\u00bb{}\u00a0\u00bb][et_pb_row column_structure=\u00a0\u00bb1_2,1_2&Prime; _builder_version=\u00a0\u00bb4.25.0&Prime; _module_preset=\u00a0\u00bbdefault\u00a0\u00bb global_colors_info=\u00a0\u00bb{}\u00a0\u00bb][et_pb_column type=\u00a0\u00bb1_2&Prime; _builder_version=\u00a0\u00bb4.25.0&Prime; _module_preset=\u00a0\u00bbdefault\u00a0\u00bb global_colors_info=\u00a0\u00bb{}\u00a0\u00bb][et_pb_image src=\u00a0\u00bbhttps:\/\/hotelinterlaken.ch\/wp-content\/uploads\/2024\/11\/DSC_1118.jpg\u00a0\u00bb title_text=\u00a0\u00bbBuffet de petit-d\u00e9jeuner Plats chauds\u00a0\u00bb _builder_version=\u00a0\u00bb4.25.0&Prime; _module_preset=\u00a0\u00bbdefault\u00a0\u00bb global_colors_info=\u00a0\u00bb{}\u00a0\u00bb][\/et_pb_image][\/et_pb_column][et_pb_column type=\u00a0\u00bb1_2&Prime; _builder_version=\u00a0\u00bb4.25.0&Prime; _module_preset=\u00a0\u00bbdefault\u00a0\u00bb global_colors_info=\u00a0\u00bb{}\u00a0\u00bb][et_pb_image src=\u00a0\u00bbhttps:\/\/hotelinterlaken.ch\/wp-content\/uploads\/2024\/11\/DSC_1126.jpg\u00a0\u00bb title_text=\u00a0\u00bbPetit d\u00e9jeuner buffet yogourt et fruits\u00a0\u00bb _builder_version=\u00a0\u00bb4.25.0&Prime; _module_preset=\u00a0\u00bbdefault\u00a0\u00bb global_colors_info=\u00a0\u00bb{}\u00a0\u00bb][\/et_pb_image][\/et_pb_column][\/et_pb_row][\/et_pb_section][et_pb_section fb_built=\u00a0\u00bb1&Prime; _builder_version=\u00a0\u00bb4.16&Prime; _module_preset=\u00a0\u00bbdefault\u00a0\u00bb global_colors_info=\u00a0\u00bb{}\u00a0\u00bb][et_pb_row _builder_version=\u00a0\u00bb4.16&Prime; _module_preset=\u00a0\u00bbdefault\u00a0\u00bb global_colors_info=\u00a0\u00bb{}\u00a0\u00bb][et_pb_column type=\u00a0\u00bb4_4&Prime; _builder_version=\u00a0\u00bb4.16&Prime; _module_preset=\u00a0\u00bbdefault\u00a0\u00bb global_colors_info=\u00a0\u00bb{}\u00a0\u00bb][et_pb_text admin_label=\u00a0\u00bbFr\u00fchst\u00fcck-Text\u00a0\u00bb _builder_version=\u00a0\u00bb4.25.0&Prime; text_font_size=\u00a0\u00bb18&Prime; background_size=\u00a0\u00bbinitial\u00a0\u00bb background_position=\u00a0\u00bbtop_left\u00a0\u00bb background_repeat=\u00a0\u00bbrepeat\u00a0\u00bb use_border_color=\u00a0\u00bboff\u00a0\u00bb border_color=\u00a0\u00bb#ffffff\u00a0\u00bb border_style=\u00a0\u00bbsolid\u00a0\u00bb global_colors_info=\u00a0\u00bb{}\u00a0\u00bb]<\/p>\n<h1>Petit d\u00e9jeuner au Restaurant Taverne<\/h1>\n<p>Pour un d\u00e9licieux petit-d\u00e9jeuner entre amis ou en famille, vous \u00eates chez nous au bon endroit. D\u00e9gustez autant que vous le souhaitez de notre g\u00e9n\u00e9reux buffet.<\/p>\n<p>Horaires d&rsquo;ouverture : Tous les jours de 07.00h \u00e0 10.30h<\/p>\n<p>&nbsp;<\/p>\n<h2>Buffet de petit-d\u00e9jeuner CHF 30.00 par personne<\/h2>\n<h3>Pain<\/h3>\n<p>Tresse | petits pains vari\u00e9s | pain complet | pain de mie | croissants | viennoiseries | sur demande pain sans gluten<\/p>\n<h3>Buffet froid<\/h3>\n<p>Fromage d&rsquo;alpage de la r\u00e9gion | brie | Emmental | fromage frais | cottage cheese | diverses charcuteries | yaourt | bircherm\u00fcesli | salade de fruits frais | tranches de tomates &amp; concombre frais | miel | confiture | p\u00e2te \u00e0 tartiner aux noisettes<\/p>\n<h3>Buffet chaud<\/h3>\n<p>\u0152ufs brouill\u00e9s | croquettes de r\u00f6sti | saucisses de poulet | lard | \u0153ufs \u00e0 la coque | pancakes<\/p>\n<h3>Boissons<\/h3>\n<p>Machine \u00e0 caf\u00e9 avec diverses sortes de caf\u00e9 et de th\u00e9 | chocolat en poudre | jus de fruits | lait | boisson \u00e0 l&rsquo;avoine et au soja | smoothie<\/p>\n<h3>C\u00e9r\u00e9ales<\/h3>\n<p>Cornflakes | muesli | flocons de chocolat | flocons d&rsquo;avoine | fruits secs<\/p>\n<p>&nbsp;<\/p>\n<h2>Petit d\u00e9jeuner CHF 12.50<\/h2>\n<p>Pain ou petits pains | croissant | confiture | beurre | caf\u00e9 ou th\u00e9 | jus de fruits<\/p>\n<p>&nbsp;<\/p>\n<h2>Petit d\u00e9jeuner chaud CHF 20.00<\/h2>\n<p>Pain ou petits pains | choix de 4 composants chauds : \u0153ufs brouill\u00e9s, \u0153ufs \u00e0 la coque, croquettes, bacon, saucisse de poulet ou cr\u00eapes | caf\u00e9 ou th\u00e9 | jus de fruits<\/p>\n<h2>\u00a0<\/h2>\n<h2>Caf\u00e9 &amp; croissant CHF 5.50<\/h2>\n<p>[\/et_pb_text][\/et_pb_column][\/et_pb_row][\/et_pb_section]<\/p>\n","protected":false},"excerpt":{"rendered":"<p>Petit d\u00e9jeuner au Restaurant Taverne Pour un d\u00e9licieux petit-d\u00e9jeuner entre amis ou en famille, vous \u00eates chez nous au bon endroit. D\u00e9gustez autant que vous le souhaitez de notre g\u00e9n\u00e9reux buffet. Horaires d&rsquo;ouverture : Tous les jours de 07.00h \u00e0 10.30h &nbsp; Buffet de petit-d\u00e9jeuner CHF 30.00 par personne Pain Tresse | petits pains vari\u00e9s [&hellip;]<\/p>\n","protected":false},"author":1,"featured_media":0,"parent":0,"menu_order":0,"comment_status":"closed","ping_status":"closed","template":"","meta":{"_et_pb_use_builder":"on","_et_pb_old_content":"","_et_gb_content_width":"","_monsterinsights_skip_tracking":false,"_monsterinsights_sitenote_active":false,"_monsterinsights_sitenote_note":"","_monsterinsights_sitenote_category":0,"footnotes":""},"class_list":["post-236534","page","type-page","status-publish","hentry"],"yoast_head":"<!-- This site is optimized with the Yoast SEO plugin v27.0 - https:\/\/yoast.com\/product\/yoast-seo-wordpress\/ -->\n<title>Petit-d\u00e9jeuner au restaurant Taverne | H\u00f4tel Interlaken<\/title>\n<meta name=\"description\" content=\"Savourez votre petit-d\u00e9jeuner avec vos amis ou votre famille au restaurant Taverne. Notre buffet a quelque chose pour chacun. Aussi des plats v\u00e9g\u00e9tariens\" \/>\n<meta name=\"robots\" content=\"index, follow, max-snippet:-1, max-image-preview:large, max-video-preview:-1\" \/>\n<link rel=\"canonical\" href=\"https:\/\/oldsite.hotelinterlaken.ch\/fr\/petit-dejeuner\/\" \/>\n<meta property=\"og:locale\" content=\"fr_FR\" \/>\n<meta property=\"og:type\" content=\"article\" \/>\n<meta property=\"og:title\" content=\"Petit-d\u00e9jeuner au restaurant Taverne | H\u00f4tel Interlaken\" \/>\n<meta property=\"og:description\" content=\"Savourez votre petit-d\u00e9jeuner avec vos amis ou votre famille au restaurant Taverne. Notre buffet a quelque chose pour chacun. Aussi des plats v\u00e9g\u00e9tariens\" \/>\n<meta property=\"og:url\" content=\"https:\/\/oldsite.hotelinterlaken.ch\/fr\/petit-dejeuner\/\" \/>\n<meta property=\"og:site_name\" content=\"Hotel Interlaken\" \/>\n<meta property=\"article:publisher\" content=\"https:\/\/www.facebook.com\/hotelinterlaken\" \/>\n<meta property=\"article:modified_time\" content=\"2024-11-05T11:55:52+00:00\" \/>\n<meta name=\"twitter:card\" content=\"summary_large_image\" \/>\n<meta name=\"twitter:site\" content=\"@HotelInterlaken\" \/>\n<meta name=\"twitter:label1\" content=\"Dur\u00e9e de lecture estim\u00e9e\" \/>\n\t<meta name=\"twitter:data1\" content=\"2 minutes\" \/>\n<script type=\"application\/ld+json\" class=\"yoast-schema-graph\">{\"@context\":\"https:\/\/schema.org\",\"@graph\":[{\"@type\":\"WebPage\",\"@id\":\"https:\/\/oldsite.hotelinterlaken.ch\/fr\/petit-dejeuner\/\",\"url\":\"https:\/\/oldsite.hotelinterlaken.ch\/fr\/petit-dejeuner\/\",\"name\":\"Petit-d\u00e9jeuner au restaurant Taverne | H\u00f4tel Interlaken\",\"isPartOf\":{\"@id\":\"https:\/\/oldsite.hotelinterlaken.ch\/#website\"},\"datePublished\":\"2024-11-05T11:48:39+00:00\",\"dateModified\":\"2024-11-05T11:55:52+00:00\",\"description\":\"Savourez votre petit-d\u00e9jeuner avec vos amis ou votre famille au restaurant Taverne. Notre buffet a quelque chose pour chacun. Aussi des plats v\u00e9g\u00e9tariens\",\"breadcrumb\":{\"@id\":\"https:\/\/oldsite.hotelinterlaken.ch\/fr\/petit-dejeuner\/#breadcrumb\"},\"inLanguage\":\"fr-FR\",\"potentialAction\":[{\"@type\":\"ReadAction\",\"target\":[\"https:\/\/oldsite.hotelinterlaken.ch\/fr\/petit-dejeuner\/\"]}]},{\"@type\":\"BreadcrumbList\",\"@id\":\"https:\/\/oldsite.hotelinterlaken.ch\/fr\/petit-dejeuner\/#breadcrumb\",\"itemListElement\":[{\"@type\":\"ListItem\",\"position\":1,\"name\":\"Home away from Home\",\"item\":\"https:\/\/oldsite.hotelinterlaken.ch\/fr\/\"},{\"@type\":\"ListItem\",\"position\":2,\"name\":\"Petit d\u00e9jeuner\"}]},{\"@type\":\"WebSite\",\"@id\":\"https:\/\/oldsite.hotelinterlaken.ch\/#website\",\"url\":\"https:\/\/oldsite.hotelinterlaken.ch\/\",\"name\":\"Hotel Interlaken\",\"description\":\"Your hotel for holidays, meetings and events\",\"potentialAction\":[{\"@type\":\"SearchAction\",\"target\":{\"@type\":\"EntryPoint\",\"urlTemplate\":\"https:\/\/oldsite.hotelinterlaken.ch\/?s={search_term_string}\"},\"query-input\":{\"@type\":\"PropertyValueSpecification\",\"valueRequired\":true,\"valueName\":\"search_term_string\"}}],\"inLanguage\":\"fr-FR\"}]}<\/script>\n<!-- \/ Yoast SEO plugin. -->","yoast_head_json":{"title":"Petit-d\u00e9jeuner au restaurant Taverne | H\u00f4tel Interlaken","description":"Savourez votre petit-d\u00e9jeuner avec vos amis ou votre famille au restaurant Taverne. Notre buffet a quelque chose pour chacun. Aussi des plats v\u00e9g\u00e9tariens","robots":{"index":"index","follow":"follow","max-snippet":"max-snippet:-1","max-image-preview":"max-image-preview:large","max-video-preview":"max-video-preview:-1"},"canonical":"https:\/\/oldsite.hotelinterlaken.ch\/fr\/petit-dejeuner\/","og_locale":"fr_FR","og_type":"article","og_title":"Petit-d\u00e9jeuner au restaurant Taverne | H\u00f4tel Interlaken","og_description":"Savourez votre petit-d\u00e9jeuner avec vos amis ou votre famille au restaurant Taverne. Notre buffet a quelque chose pour chacun. Aussi des plats v\u00e9g\u00e9tariens","og_url":"https:\/\/oldsite.hotelinterlaken.ch\/fr\/petit-dejeuner\/","og_site_name":"Hotel Interlaken","article_publisher":"https:\/\/www.facebook.com\/hotelinterlaken","article_modified_time":"2024-11-05T11:55:52+00:00","twitter_card":"summary_large_image","twitter_site":"@HotelInterlaken","twitter_misc":{"Dur\u00e9e de lecture estim\u00e9e":"2 minutes"},"schema":{"@context":"https:\/\/schema.org","@graph":[{"@type":"WebPage","@id":"https:\/\/oldsite.hotelinterlaken.ch\/fr\/petit-dejeuner\/","url":"https:\/\/oldsite.hotelinterlaken.ch\/fr\/petit-dejeuner\/","name":"Petit-d\u00e9jeuner au restaurant Taverne | H\u00f4tel Interlaken","isPartOf":{"@id":"https:\/\/oldsite.hotelinterlaken.ch\/#website"},"datePublished":"2024-11-05T11:48:39+00:00","dateModified":"2024-11-05T11:55:52+00:00","description":"Savourez votre petit-d\u00e9jeuner avec vos amis ou votre famille au restaurant Taverne. Notre buffet a quelque chose pour chacun. Aussi des plats v\u00e9g\u00e9tariens","breadcrumb":{"@id":"https:\/\/oldsite.hotelinterlaken.ch\/fr\/petit-dejeuner\/#breadcrumb"},"inLanguage":"fr-FR","potentialAction":[{"@type":"ReadAction","target":["https:\/\/oldsite.hotelinterlaken.ch\/fr\/petit-dejeuner\/"]}]},{"@type":"BreadcrumbList","@id":"https:\/\/oldsite.hotelinterlaken.ch\/fr\/petit-dejeuner\/#breadcrumb","itemListElement":[{"@type":"ListItem","position":1,"name":"Home away from Home","item":"https:\/\/oldsite.hotelinterlaken.ch\/fr\/"},{"@type":"ListItem","position":2,"name":"Petit d\u00e9jeuner"}]},{"@type":"WebSite","@id":"https:\/\/oldsite.hotelinterlaken.ch\/#website","url":"https:\/\/oldsite.hotelinterlaken.ch\/","name":"Hotel Interlaken","description":"Your hotel for holidays, meetings and events","potentialAction":[{"@type":"SearchAction","target":{"@type":"EntryPoint","urlTemplate":"https:\/\/oldsite.hotelinterlaken.ch\/?s={search_term_string}"},"query-input":{"@type":"PropertyValueSpecification","valueRequired":true,"valueName":"search_term_string"}}],"inLanguage":"fr-FR"}]}},"_links":{"self":[{"href":"https:\/\/oldsite.hotelinterlaken.ch\/fr\/wp-json\/wp\/v2\/pages\/236534","targetHints":{"allow":["GET"]}}],"collection":[{"href":"https:\/\/oldsite.hotelinterlaken.ch\/fr\/wp-json\/wp\/v2\/pages"}],"about":[{"href":"https:\/\/oldsite.hotelinterlaken.ch\/fr\/wp-json\/wp\/v2\/types\/page"}],"author":[{"embeddable":true,"href":"https:\/\/oldsite.hotelinterlaken.ch\/fr\/wp-json\/wp\/v2\/users\/1"}],"replies":[{"embeddable":true,"href":"https:\/\/oldsite.hotelinterlaken.ch\/fr\/wp-json\/wp\/v2\/comments?post=236534"}],"version-history":[{"count":4,"href":"https:\/\/oldsite.hotelinterlaken.ch\/fr\/wp-json\/wp\/v2\/pages\/236534\/revisions"}],"predecessor-version":[{"id":236549,"href":"https:\/\/oldsite.hotelinterlaken.ch\/fr\/wp-json\/wp\/v2\/pages\/236534\/revisions\/236549"}],"wp:attachment":[{"href":"https:\/\/oldsite.hotelinterlaken.ch\/fr\/wp-json\/wp\/v2\/media?parent=236534"}],"curies":[{"name":"wp","href":"https:\/\/api.w.org\/{rel}","templated":true}]}}